{"id":6,"date":"2026-01-19T06:33:07","date_gmt":"2026-01-19T06:33:07","guid":{"rendered":"https:\/\/amfetamin.dk\/?page_id=6"},"modified":"2026-01-19T06:33:07","modified_gmt":"2026-01-19T06:33:07","slug":"amfetamin-fakta-3-hurtige","status":"publish","type":"page","link":"https:\/\/amfetamin.dk\/","title":{"rendered":"Amfetamin-fakta: 3 hurtige"},"content":{"rendered":"\n<ul class=\"wp-block-list\">\n<li>Det bliver typisk indtaget som kapsler eller tabletter. Du kan dog ogs\u00e5 sniffe amfetamin eller bruge en injektionsspr\u00f8jte.\u00a0<\/li>\n\n\n\n<li>Det giver en f\u00f8lelse af selvtillid og energi.<\/li>\n\n\n\n<li>En amfetaminrus varer som regel i otte timer.\u00a0<\/li>\n<\/ul>\n\n\n\n<p>Hvad er amfetamin egentlig? Du vil her f\u00e5 en grundig introduktion til stoffet amfetamin, herunder hvordan det virker p\u00e5 kroppen og hjernen, og om du kan blive afh\u00e6ngig af det.&nbsp;<\/p>\n\n\n\n<h2 class=\"wp-block-heading\">Hvad er amfetamin?<\/h2>\n\n\n\n<p>Amfetamin er et kunstigt fremstillet stof, som ogs\u00e5 bliver kaldt for BASE, AMF og SPEED. Der findes mange forskellige typer amfetamin, s\u00e5som methamfetamin, der er et kraftigt virkende stof. Blandt de centralstimulerende stoffer er amfetamin det mest udbredte. Det er forbudt at k\u00f8be, s\u00e6lge og besidde stoffet. P\u00e5 trods af det bliver det i dag brugt i et vist omfang. Det er is\u00e6r unge m\u00e6nd, der tager amfetamin. 2,8 % af m\u00e6nd i aldersgruppen 16-24 \u00e5r har inden for det seneste \u00e5r indtaget stoffet.&nbsp;<\/p>\n\n\n\n<h2 class=\"wp-block-heading\">Hvordan virker amfetamin?&nbsp;<\/h2>\n\n\n\n<p>Du kan enten spise eller drikke amfetamin, eller du kan sniffe det via slimhinderne i n\u00e6sen eller spr\u00f8jte det ind i venerne. Stoffet virker fire til 12 timer efter, du har indtaget stoffet. Med det samme udl\u00f8ser stoffet en h\u00f8j grad af opstemthed, ligesom du vil opleve et forbedret hum\u00f8r samt en \u00f8get tankem\u00e6ssig og motorisk aktivitet. Ofte sker brugen og misbruget af amfetamin i perioder. Det vil sige, at det bliver anvendt i timer eller over flere dages varighed ad gangen, hvor man l\u00f8bende indtager stoffet, indtil kroppen og hovedet siger stop.<\/p>\n\n\n\n<h2 class=\"wp-block-heading\">Hvordan p\u00e5virker amfetamin hjernen og kroppen?&nbsp;<\/h2>\n\n\n\n<p>Amfetamin \u00f8ger hjernens aktivitet. N\u00e5r du tager amfetamin, f\u00e5r du en f\u00f8lelse af selvtillid, og du f\u00e5r mere energi. Du bliver udadvendt og aktiv, ligesom du taler meget, og dette energiniveau vil forts\u00e6tte i timevis. Du har sv\u00e6rt ved fuldst\u00e6ndigt at kontrollere dine bev\u00e6gelser, og din puls, dit blodtryk og din kropstemperatur stiger. Desuden oplever du, at du sveder mere, end du plejer. Indtagelse af amfetamin g\u00f8r ogs\u00e5, at kroppens naturlige signaler bliver undertrykt. Derfor forsvinder din appetit, t\u00f8rst og tr\u00e6thed.&nbsp;<\/p>\n\n\n\n<p>N\u00e5r denne rus aftager, bliver du som regel nedtrykt eller f\u00e5r angst. Du oplever, at du har sv\u00e6rt ved at sove og falde til ro. Mange oplever denne nedtur som ubehagelig, og det er derfor, at lysten til at dulme nedturen med andre stoffer indtr\u00e6der.&nbsp;<\/p>\n\n\n\n<h2 class=\"wp-block-heading\">Hvad er bivirkningerne ved amfetamin?&nbsp;<\/h2>\n\n\n\n<p>Amfetamin-bivirkninger inkluderer hyperaktivitet, aggressivitet, irritabilitet samt s\u00f8vn- og spiseforstyrrelser. Disse bivirkninger forekommer oftest ved et mere regelm\u00e6ssigt og intenst forbrug. Senere hen kan bivirkningerne udvikle sig til angst samt paranoid psykose, hvor man hallucinerer. Der er ingen indtagelsesm\u00e5der, som er risikofrie. De mest alvorlige og udtalte skader sker dog, n\u00e5r du spr\u00f8jter stoffet direkte ind i dine vener.&nbsp;<\/p>\n\n\n\n<p>Ved en amfetaminforgiftning vil bivirkningerne, eller symptomerne s\u00e5 at sige, v\u00e6re forvirring, ophidselse, brystsmerter, hovedpine, voldsom sveden og r\u00f8dmed, uregelm\u00e6ssig hjertebanken, udvidede pupiller, krampe, chok og meget h\u00f8j feber.<\/p>\n\n\n\n<p>Andre amfetamin-bivirkninger er pludseligt d\u00f8dsfald. Det forekommer p\u00e5 grund af blodprop i hjertet, hjerterytmeforstyrrelser eller hjernebl\u00f8dning. Denne risiko stiger, hvis du tager amfetamin gentagende gange.&nbsp;<\/p>\n\n\n\n<h2 class=\"wp-block-heading\">Kan jeg blive afh\u00e6ngig af amfetamin?&nbsp;<\/h2>\n\n\n\n<p>Du bliver let afh\u00e6ngig af amfetamin. Det skyldes blandt andet, at du skal tage mere og mere af stoffet for at opn\u00e5 den \u00f8nskede rusvirkning. Der er alts\u00e5 stor risiko for afh\u00e6ngighed og et decideret misbrug, selvom du kun indtager stoffet en gang imellem.&nbsp;<\/p>\n\n\n\n<h2 class=\"wp-block-heading\">Hvad kan jeg g\u00f8re for at stoppe et amfetaminmisbrug?<\/h2>\n\n\n\n<p>Er du afh\u00e6ngig af amfetamin og har et misbrug, kan du s\u00f8ge hj\u00e6lp hos kommunen. Alle danske kommuner tilbyder behandling i forbindelse med misbrug af stoffer, hvilket du kan l\u00e6se mere om p\u00e5 den p\u00e5g\u00e6ldende kommunes hjemmeside. Der eksisterer ogs\u00e5 selvhj\u00e6lpsgrupper, som hj\u00e6lper dig med at undg\u00e5, at du falder tilbage i et misbrug.&nbsp;<\/p>\n\n\n\n<h2 class=\"wp-block-heading\">Hvad er symptomerne p\u00e5 et amfetaminmisbrug?<\/h2>\n\n\n\n<p>Symptomer p\u00e5 et misbrug er, at du har trang til stoffet dagligt \u2013 og som regel flere gange dagligt. Du har brug for stoffet for at kunne komme igennem problemerne i din dagligdag. Du sikrer dig konstant, at stoffet er tilg\u00e6ngeligt for dig, og du er villig til at udf\u00f8re uhensigtsm\u00e6ssige handlinger for at skaffe stoffet. Det kan v\u00e6re, at du overvejer at stj\u00e6le. Andre amfetamin-symptomer er, at du uds\u00e6tter b\u00e5de dig selv og andre for fare, mens du er p\u00e5virket. Det kan for eksempel v\u00e6re ved at k\u00f8re i bil.<\/p>\n","protected":false},"excerpt":{"rendered":"<p>Hvad er amfetamin egentlig? Du vil her f\u00e5 en grundig introduktion til stoffet amfetamin, herunder hvordan det virker p\u00e5 kroppen og hjernen, og om du kan blive afh\u00e6ngig af det.&nbsp; Hvad er amfetamin? Amfetamin er et kunstigt fremstillet stof, som ogs\u00e5 bliver kaldt for BASE, AMF og SPEED. Der findes mange forskellige typer amfetamin, s\u00e5som [&hellip;]<\/p>\n","protected":false},"author":1,"featured_media":0,"parent":0,"menu_order":0,"comment_status":"closed","ping_status":"closed","template":"","meta":{"footnotes":""},"class_list":["post-6","page","type-page","status-publish","hentry"],"_links":{"self":[{"href":"https:\/\/amfetamin.dk\/index.php?rest_route=\/wp\/v2\/pages\/6","targetHints":{"allow":["GET"]}}],"collection":[{"href":"https:\/\/amfetamin.dk\/index.php?rest_route=\/wp\/v2\/pages"}],"about":[{"href":"https:\/\/amfetamin.dk\/index.php?rest_route=\/wp\/v2\/types\/page"}],"author":[{"embeddable":true,"href":"https:\/\/amfetamin.dk\/index.php?rest_route=\/wp\/v2\/users\/1"}],"replies":[{"embeddable":true,"href":"https:\/\/amfetamin.dk\/index.php?rest_route=%2Fwp%2Fv2%2Fcomments&post=6"}],"version-history":[{"count":1,"href":"https:\/\/amfetamin.dk\/index.php?rest_route=\/wp\/v2\/pages\/6\/revisions"}],"predecessor-version":[{"id":8,"href":"https:\/\/amfetamin.dk\/index.php?rest_route=\/wp\/v2\/pages\/6\/revisions\/8"}],"wp:attachment":[{"href":"https:\/\/amfetamin.dk\/index.php?rest_route=%2Fwp%2Fv2%2Fmedia&parent=6"}],"curies":[{"name":"wp","href":"https:\/\/api.w.org\/{rel}","templated":true}]}}